{"id":1351,"date":"2024-08-19T08:05:49","date_gmt":"2024-08-19T08:05:49","guid":{"rendered":"https:\/\/kitnormattivowebs.com\/banat\/?page_id=1351"},"modified":"2024-08-19T15:47:20","modified_gmt":"2024-08-19T15:47:20","slug":"aviso-legal","status":"publish","type":"page","link":"https:\/\/kitnormattivowebs.com\/banat\/aviso-legal\/","title":{"rendered":"Aviso Legal"},"content":{"rendered":"\t\t<div data-elementor-type=\"wp-page\" data-elementor-id=\"1351\" class=\"elementor elementor-1351\">\n\t\t\t\t<div class=\"elementor-element elementor-element-e1e25dc e-flex e-con-boxed e-con e-parent\" data-id=\"e1e25dc\" data-element_type=\"container\">\n\t\t\t\t\t<div class=\"e-con-inner\">\n\t\t\t\t<div class=\"elementor-element elementor-element-4510204 elementor-widget elementor-widget-heading\" data-id=\"4510204\" data-element_type=\"widget\" data-widget_type=\"heading.default\">\n\t\t\t\t<div class=\"elementor-widget-container\">\n\t\t\t\t\t<h2 class=\"elementor-heading-title elementor-size-default\">AVISO LEGAL<\/h2>\t\t\t\t<\/div>\n\t\t\t\t<\/div>\n\t\t\t\t<div class=\"elementor-element elementor-element-8ec73b3 elementor-widget elementor-widget-text-editor\" data-id=\"8ec73b3\" data-element_type=\"widget\" data-widget_type=\"text-editor.default\">\n\t\t\t\t<div class=\"elementor-widget-container\">\n\t\t\t\t\t\t\t\t\t<p><span style=\"font-weight: 400;\">Identificaci\u00f3n y Titularidad<\/span><\/p><p>\u00a0<\/p><p><span style=\"font-weight: 400;\">\u00a0\u00a0\u00a0En cumplimiento del art\u00edculo 10 de la Ley 34\/2002, de 11 de julio, de Servicios de la Sociedad de la Informaci\u00f3n y Comercio Electr\u00f3nico, el Titular expone sus datos identificativos:<\/span><\/p><p>\u00a0<\/p><p><span style=\"font-weight: 400;\">Titular: INSTALACIONES ENERGETICAS BANAT S.L.<\/span><\/p><p><span style=\"font-weight: 400;\">Domicilio:\u00a0 &#8211; Espa\u00f1a.<\/span><\/p><p><span style=\"font-weight: 400;\">Correo electr\u00f3nico: <strong>\u00a0<\/strong><a href=\"https:\/\/kitnormattivowebs.com\/banat\/#\">administracion@banat.es<\/a> <\/span><\/p><p><span style=\"font-weight: 400;\">Sitio Web:\u00a0 <\/span><span style=\"font-weight: 400;\">www.instalacionesbanat.es<\/span><\/p><p><span style=\"font-weight: 400;\">Finalidad: Instalaciones Energ\u00e9ticas<\/span><\/p><p><br \/><br \/><\/p><p><span style=\"font-weight: 400;\">Condiciones de Uso<\/span><\/p><p>\u00a0<\/p><p><span style=\"font-weight: 400;\">\u00a0\u00a0\u00a0La utilizaci\u00f3n del Sitio Web le otorga la condici\u00f3n de Usuario, e implica la aceptaci\u00f3n completa de todas las cl\u00e1usulas y condiciones de uso incluidas en las p\u00e1ginas:<\/span><\/p><p>\u00a0<\/p><p><span style=\"font-weight: 400;\">Aviso Legal<\/span><\/p><p><span style=\"font-weight: 400;\">Pol\u00edtica de Cookies<\/span><\/p><p>\u00a0<\/p><p><span style=\"font-weight: 400;\">\u00a0\u00a0\u00a0Si no estuviera conforme con todas y cada una de estas cl\u00e1usulas y condiciones abst\u00e9ngase de utilizar el Sitio Web.<\/span><\/p><p>\u00a0<\/p><p><span style=\"font-weight: 400;\">\u00a0\u00a0\u00a0El acceso al Sitio Web no supone, en modo alguno, el inicio de una relaci\u00f3n comercial con el Titular.<\/span><\/p><p>\u00a0<\/p><p><span style=\"font-weight: 400;\">\u00a0\u00a0\u00a0A trav\u00e9s del Sitio Web, el Titular le facilita el acceso y la utilizaci\u00f3n de diversos contenidos que el Titular y\/o sus colaboradores han publicado por medio de Internet.<\/span><\/p><p>\u00a0<\/p><p><span style=\"font-weight: 400;\">\u00a0\u00a0\u00a0A tal efecto, est\u00e1 obligado y comprometido a NO utilizar cualquiera de los contenidos del Sitio Web con fines o efectos il\u00edcitos, prohibidos en este Aviso Legal o por la legislaci\u00f3n vigente, lesivos de los derechos e intereses de terceros, o que de cualquier forma puedan da\u00f1ar, inutilizar, sobrecargar, deteriorar o impedir la normal utilizaci\u00f3n de los contenidos, los equipos inform\u00e1ticos o los documentos, archivos y toda clase de contenidos almacenados en cualquier equipo inform\u00e1tico propios o contratados por el Titular, de otros usuarios o de cualquier usuario de Internet.<\/span><\/p><p>\u00a0<\/p><p><span style=\"font-weight: 400;\">Medidas de seguridad<\/span><\/p><p>\u00a0<\/p><p><span style=\"font-weight: 400;\">\u00a0\u00a0\u00a0Los datos personales que facilite al Titular pueden ser almacenados en bases de datos automatizadas o no, cuya titularidad corresponde en exclusiva al Titular, que asume todas las medidas de \u00edndole t\u00e9cnica, organizativa y de seguridad que garantizan la confidencialidad, integridad y calidad de la informaci\u00f3n contenida en las mismas de acuerdo con lo establecido en la normativa vigente en protecci\u00f3n de datos.<\/span><\/p><p>\u00a0<\/p><p><span style=\"font-weight: 400;\">\u00a0\u00a0\u00a0No obstante, debe ser consciente de que las medidas de seguridad de los sistemas inform\u00e1ticos en Internet no son enteramente fiables y que, por tanto el Titular no puede garantizar la inexistencia de virus u otros elementos que puedan producir alteraciones en los sistemas inform\u00e1ticos (software y hardware) del Usuario o en sus documentos electr\u00f3nicos y ficheros contenidos en los mismos aunque el Titular pone todos los medios necesarios y toma las medidas de seguridad oportunas para evitar la presencia de estos elementos da\u00f1inos.<\/span><\/p><p>\u00a0<\/p><p><span style=\"font-weight: 400;\">Contenidos<\/span><\/p><p>\u00a0<\/p><p><span style=\"font-weight: 400;\">\u00a0\u00a0\u00a0El Titular ha obtenido la informaci\u00f3n, el contenido multimedia y los materiales incluidos en el Sitio Web de fuentes que considera fiables, pero, si bien ha tomado todas las medidas razonables para asegurar que la informaci\u00f3n contenida es correcta, el Titular no garantiza que sea exacta, completa o actualizada. El Titular declina expresamente cualquier responsabilidad por error u omisi\u00f3n en la informaci\u00f3n contenida en las p\u00e1ginas del Sitio Web.<\/span><\/p><p>\u00a0<\/p><p><span style=\"font-weight: 400;\">\u00a0\u00a0\u00a0Queda prohibido transmitir o enviar a trav\u00e9s del Sitio Web cualquier contenido ilegal o il\u00edcito, virus inform\u00e1ticos, o mensajes que, en general, afecten o violen derechos del Titular o de terceros.<\/span><\/p><p>\u00a0<\/p><p><span style=\"font-weight: 400;\">\u00a0\u00a0\u00a0Los contenidos del Sitio Web tienen \u00fanicamente una finalidad informativa y bajo ninguna circunstancia deben usarse ni considerarse como oferta de venta, solicitud de una oferta de compra ni recomendaci\u00f3n para realizar cualquier otra operaci\u00f3n, salvo que as\u00ed se indique expresamente.<\/span><\/p><p>\u00a0<\/p><p><span style=\"font-weight: 400;\">\u00a0\u00a0\u00a0El Titular se reserva el derecho a modificar, suspender, cancelar o restringir el contenido del Sitio Web, los v\u00ednculos o la informaci\u00f3n obtenida a trav\u00e9s del Sitio Web, sin necesidad de previo aviso.<\/span><\/p><p>\u00a0<\/p><p><span style=\"font-weight: 400;\">\u00a0\u00a0\u00a0El Titular no es responsable de los da\u00f1os y perjuicios que pudieran derivarse de la utilizaci\u00f3n de la informaci\u00f3n del Sitio Web o de la contenida en las redes sociales del Titular.<\/span><\/p><p>\u00a0<\/p><p><span style=\"font-weight: 400;\">Pol\u00edtica de cookies<\/span><\/p><p>\u00a0<\/p><p><span style=\"font-weight: 400;\">\u00a0\u00a0\u00a0Puede consultar toda la informaci\u00f3n relativa a la pol\u00edtica de recogida y tratamiento de las cookies en la p\u00e1gina de Pol\u00edtica de Cookies.<\/span><\/p><p>\u00a0<\/p><p><span style=\"font-weight: 400;\">Enlaces a otros sitios Web<\/span><\/p><p>\u00a0<\/p><p><span style=\"font-weight: 400;\">\u00a0\u00a0\u00a0El Titular puede proporcionarle acceso a sitios Web de terceros mediante enlaces con la finalidad exclusiva de informar sobre la existencia de otras fuentes de informaci\u00f3n en Internet en las que podr\u00e1 ampliar los datos ofrecidos en el Sitio Web.<\/span><\/p><p>\u00a0<\/p><p><span style=\"font-weight: 400;\">\u00a0\u00a0\u00a0Estos enlaces a otros sitios Web no suponen en ning\u00fan caso una sugerencia o recomendaci\u00f3n para que usted visite las p\u00e1ginas web de destino, que est\u00e1n fuera del control del Titular, por lo que el Titular no es responsable del contenido de los sitios web vinculados ni del resultado que obtenga al seguir los enlaces. Asimismo, el Titular no responde de los links o enlaces ubicados en los sitios web vinculados a los que le proporciona acceso.<\/span><\/p><p>\u00a0<\/p><p><span style=\"font-weight: 400;\">\u00a0\u00a0\u00a0El establecimiento del enlace no implica en ning\u00fan caso la existencia de relaciones entre el Titular y el propietario del sitio en el que se establezca el enlace, ni la aceptaci\u00f3n o aprobaci\u00f3n por parte del Titular de sus contenidos o servicios.<\/span><\/p><p>\u00a0<\/p><p><span style=\"font-weight: 400;\">\u00a0\u00a0\u00a0Si accede a un sitio web externo desde un enlace que encuentre en el Sitio Web usted deber\u00e1 leer la propia pol\u00edtica de privacidad del otro sitio web que puede ser diferente de la de este sitio Web.<\/span><\/p><p>\u00a0<\/p><p><span style=\"font-weight: 400;\">Propiedad intelectual e industrial<\/span><\/p><p>\u00a0<\/p><p><span style=\"font-weight: 400;\">\u00a0\u00a0\u00a0Todos los derechos est\u00e1n reservados.<\/span><\/p><p>\u00a0<\/p><p><span style=\"font-weight: 400;\">\u00a0\u00a0\u00a0Todo acceso a este Sitio Web est\u00e1 sujeto a las siguientes condiciones: la reproducci\u00f3n, almacenaje permanente y la difusi\u00f3n de los contenidos o cualquier otro uso que tenga finalidad p\u00fablica o comercial queda expresamente prohibida sin el consentimiento previo expreso y por escrito del Titular.<\/span><\/p><p>\u00a0<\/p><p><span style=\"font-weight: 400;\">Limitaci\u00f3n de responsabilidad<\/span><\/p><p>\u00a0<\/p><p><span style=\"font-weight: 400;\">\u00a0\u00a0\u00a0La informaci\u00f3n y servicios incluidos o disponibles a trav\u00e9s del Sitio Web pueden incluir incorrecciones o errores tipogr\u00e1ficos. De forma peri\u00f3dica el Titular incorpora mejoras y\/o cambios a la informaci\u00f3n contenida y\/o los Servicios que puede introducir en cualquier momento.<\/span><\/p><p>\u00a0<\/p><p><span style=\"font-weight: 400;\">\u00a0\u00a0\u00a0El Titular no declara ni garantiza que los servicios o contenidos sean interrumpidos o que est\u00e9n libres de errores, que los defectos sean corregidos, o que el servicio o el servidor que lo pone a disposici\u00f3n est\u00e9n libres de virus u otros componentes nocivos sin perjuicio de que el Titular realiza todos los esfuerzos en evitar este tipo de incidentes.<\/span><\/p><p>\u00a0<\/p><p><span style=\"font-weight: 400;\">\u00a0\u00a0\u00a0El Titular declina cualquier responsabilidad en caso de que existan interrupciones o un mal funcionamiento de los Servicios o contenidos ofrecidos en Internet, cualquiera que sea su causa. Asimismo, el Titular no se hace responsable por ca\u00eddas de la red, p\u00e9rdidas de negocio a consecuencia de dichas ca\u00eddas, suspensiones temporales de fluido el\u00e9ctrico o cualquier otro tipo de da\u00f1o indirecto que te pueda ser causado por causas ajenas a el Titular.<\/span><\/p><p>\u00a0<\/p><p><span style=\"font-weight: 400;\">\u00a0\u00a0\u00a0Antes de tomar decisiones y\/o acciones con base a la informaci\u00f3n incluida en el Sitio Web, el Titular le recomienda comprobar y contrastar la informaci\u00f3n recibida con otras fuentes.<\/span><\/p><p>\u00a0<\/p><p><span style=\"font-weight: 400;\">Jurisdicci\u00f3n<\/span><\/p><p>\u00a0<\/p><p><span style=\"font-weight: 400;\">\u00a0\u00a0\u00a0Este Aviso Legal se rige \u00edntegramente por la legislaci\u00f3n espa\u00f1ola.<\/span><\/p><p>\u00a0<\/p><p><span style=\"font-weight: 400;\">Contacto<\/span><\/p><p>\u00a0<\/p><p><span style=\"font-weight: 400;\">\u00a0\u00a0\u00a0En caso de que usted tenga cualquier duda acerca de este Aviso Legal o quiera realizar cualquier comentario sobre el Sitio Web, puede enviar un mensaje de correo electr\u00f3nico a la direcci\u00f3n: <b>administracion@banat.es<\/b><\/span><\/p>\t\t\t\t\t\t\t\t<\/div>\n\t\t\t\t<\/div>\n\t\t\t\t\t<\/div>\n\t\t\t\t<\/div>\n\t\t\t\t<\/div>\n\t\t","protected":false},"excerpt":{"rendered":"<p>AVISO LEGAL Identificaci\u00f3n y Titularidad \u00a0 \u00a0\u00a0\u00a0En cumplimiento del art\u00edculo 10 de la Ley 34\/2002, de 11 de julio, de Servicios de la Sociedad de la Informaci\u00f3n y Comercio Electr\u00f3nico, el Titular expone sus datos identificativos: \u00a0 Titular: INSTALACIONES ENERGETICAS BANAT S.L. Domicilio:\u00a0 &#8211; Espa\u00f1a. Correo electr\u00f3nico: \u00a0administracion@banat.es Sitio Web:\u00a0 www.instalacionesbanat.es Finalidad: Instalaciones Energ\u00e9ticas Condiciones [&hellip;]<\/p>\n","protected":false},"author":1,"featured_media":0,"parent":0,"menu_order":0,"comment_status":"closed","ping_status":"closed","template":"","meta":{"ocean_post_layout":"full-width","ocean_both_sidebars_style":"","ocean_both_sidebars_content_width":0,"ocean_both_sidebars_sidebars_width":0,"ocean_sidebar":"","ocean_second_sidebar":"","ocean_disable_margins":"enable","ocean_add_body_class":"","ocean_shortcode_before_top_bar":"","ocean_shortcode_after_top_bar":"","ocean_shortcode_before_header":"","ocean_shortcode_after_header":"","ocean_has_shortcode":"","ocean_shortcode_after_title":"","ocean_shortcode_before_footer_widgets":"","ocean_shortcode_after_footer_widgets":"","ocean_shortcode_before_footer_bottom":"","ocean_shortcode_after_footer_bottom":"","ocean_display_top_bar":"default","ocean_display_header":"default","ocean_header_style":"","ocean_center_header_left_menu":"","ocean_custom_header_template":"","ocean_custom_logo":0,"ocean_custom_retina_logo":0,"ocean_custom_logo_max_width":0,"ocean_custom_logo_tablet_max_width":0,"ocean_custom_logo_mobile_max_width":0,"ocean_custom_logo_max_height":0,"ocean_custom_logo_tablet_max_height":0,"ocean_custom_logo_mobile_max_height":0,"ocean_header_custom_menu":"","ocean_menu_typo_font_family":"","ocean_menu_typo_font_subset":"","ocean_menu_typo_font_size":0,"ocean_menu_typo_font_size_tablet":0,"ocean_menu_typo_font_size_mobile":0,"ocean_menu_typo_font_size_unit":"px","ocean_menu_typo_font_weight":"","ocean_menu_typo_font_weight_tablet":"","ocean_menu_typo_font_weight_mobile":"","ocean_menu_typo_transform":"","ocean_menu_typo_transform_tablet":"","ocean_menu_typo_transform_mobile":"","ocean_menu_typo_line_height":0,"ocean_menu_typo_line_height_tablet":0,"ocean_menu_typo_line_height_mobile":0,"ocean_menu_typo_line_height_unit":"","ocean_menu_typo_spacing":0,"ocean_menu_typo_spacing_tablet":0,"ocean_menu_typo_spacing_mobile":0,"ocean_menu_typo_spacing_unit":"","ocean_menu_link_color":"","ocean_menu_link_color_hover":"","ocean_menu_link_color_active":"","ocean_menu_link_background":"","ocean_menu_link_hover_background":"","ocean_menu_link_active_background":"","ocean_menu_social_links_bg":"","ocean_menu_social_hover_links_bg":"","ocean_menu_social_links_color":"","ocean_menu_social_hover_links_color":"","ocean_disable_title":"default","ocean_disable_heading":"default","ocean_post_title":"","ocean_post_subheading":"","ocean_post_title_style":"","ocean_post_title_background_color":"","ocean_post_title_background":0,"ocean_post_title_bg_image_position":"","ocean_post_title_bg_image_attachment":"","ocean_post_title_bg_image_repeat":"","ocean_post_title_bg_image_size":"","ocean_post_title_height":0,"ocean_post_title_bg_overlay":0.5,"ocean_post_title_bg_overlay_color":"","ocean_disable_breadcrumbs":"default","ocean_breadcrumbs_color":"","ocean_breadcrumbs_separator_color":"","ocean_breadcrumbs_links_color":"","ocean_breadcrumbs_links_hover_color":"","ocean_display_footer_widgets":"default","ocean_display_footer_bottom":"default","ocean_custom_footer_template":"","footnotes":""},"_links":{"self":[{"href":"https:\/\/kitnormattivowebs.com\/banat\/wp-json\/wp\/v2\/pages\/1351"}],"collection":[{"href":"https:\/\/kitnormattivowebs.com\/banat\/wp-json\/wp\/v2\/pages"}],"about":[{"href":"https:\/\/kitnormattivowebs.com\/banat\/wp-json\/wp\/v2\/types\/page"}],"author":[{"embeddable":true,"href":"https:\/\/kitnormattivowebs.com\/banat\/wp-json\/wp\/v2\/users\/1"}],"replies":[{"embeddable":true,"href":"https:\/\/kitnormattivowebs.com\/banat\/wp-json\/wp\/v2\/comments?post=1351"}],"version-history":[{"count":13,"href":"https:\/\/kitnormattivowebs.com\/banat\/wp-json\/wp\/v2\/pages\/1351\/revisions"}],"predecessor-version":[{"id":1413,"href":"https:\/\/kitnormattivowebs.com\/banat\/wp-json\/wp\/v2\/pages\/1351\/revisions\/1413"}],"wp:attachment":[{"href":"https:\/\/kitnormattivowebs.com\/banat\/wp-json\/wp\/v2\/media?parent=1351"}],"curies":[{"name":"wp","href":"https:\/\/api.w.org\/{rel}","templated":true}]}}